{"id":3593,"date":"2021-10-06T13:09:25","date_gmt":"2021-10-06T11:09:25","guid":{"rendered":"https:\/\/www.labs31.com\/veelgestelde-vragen-laboratorium-veelgestelde-vragen\/"},"modified":"2022-08-15T10:36:43","modified_gmt":"2022-08-15T08:36:43","slug":"faq-laboratoria-veelgestelde-vragen-en-antwoord","status":"publish","type":"page","link":"https:\/\/www.labs31.com\/nl\/faq-laboratoria-veelgestelde-vragen-en-antwoord\/","title":{"rendered":"FAQ Laboratoria &#8211; Veelgestelde vragen"},"content":{"rendered":"\n\n<h1>FAQ Laboratoria Antwoorden op veelgestelde vragen over laboratoria <\/h1>\n\n\t<p>We willen je op welke manier dan ook helpen, dus laten we wat laboratoriumvragen beantwoorden die je misschien hebt.<\/p>\n\t\t\t\t\t\t<h3>\n\t\t\t\t<a href=https:\/\/www.labs31.com\/nl\/wat-is-een-3d-laboratoriumontwerp\/ title=\"Wat is een 3D laboratoriumontwerp?\" tabindex=\"0\">Wat is een 3D laboratoriumontwerp?<\/a>\t\t\t<\/h3>\n\t\t\t\t\t\t\t\tEen 3D laboratoriumontwerp is een digitale driedimensionale tekening van uw laboratorium met daaronder allemaal labontwerp rekenmodellen en doorekeningen. Hoe ziet een 3D laboratoriumontwerp eruit? Labs31 is gevestigd in de van &#8230;\n\t\t\t<a href=\"https:\/\/www.labs31.com\/nl\/wat-is-een-3d-laboratoriumontwerp\/\" target=\"_self\" role=\"button\" aria-label=\"Lees verder\" rel=\"noopener\">\n\t\t\t\t\t\t\tLees verder\n\t\t<\/a>\n\t\t\t\t\t\t<h3>\n\t\t\t\t<a href=https:\/\/www.labs31.com\/nl\/vlekkenplan-faq\/ title=\"Wat is een vlekkenplan?\" tabindex=\"0\">Wat is een vlekkenplan?<\/a>\t\t\t<\/h3>\n\t\t\t\t\t\t\t\tEen vlekkenplan is een manier om een laboratorium gebruik inzichtelijk te maken. Bij de schetsfase van het ontwerpen van een lab wordt er vaak mee gewerkt. Het is een overzicht &#8230;\n\t\t\t<a href=\"https:\/\/www.labs31.com\/nl\/vlekkenplan-faq\/\" target=\"_self\" role=\"button\" aria-label=\"Lees verder\" rel=\"noopener\">\n\t\t\t\t\t\t\tLees verder\n\t\t<\/a>\n\t\t\t\t\t\t<h3>\n\t\t\t\t<a href=https:\/\/www.labs31.com\/nl\/laboratorium-types-faq\/ title=\"Welke soort laboratorium types zijn er?\" tabindex=\"0\">Welke soort laboratorium types zijn er?<\/a>\t\t\t<\/h3>\n\t\t\t\t\t\t\t\tEr zijn verschillende soorten laboratorium types. Je kunt deze op verschillende manieren classificeren. Een manier is om ze te classificeren op soort werk. Sommige daarvan zijn voor productie, kwaliteitscontrole (QA\/QC) &#8230;\n\t\t\t<a href=\"https:\/\/www.labs31.com\/nl\/laboratorium-types-faq\/\" target=\"_self\" role=\"button\" aria-label=\"Lees verder\" rel=\"noopener\">\n\t\t\t\t\t\t\tLees verder\n\t\t<\/a>\n\t\t\t\t\t\t<h3>\n\t\t\t\t<a href=https:\/\/www.labs31.com\/nl\/wat-is-bim-software-revit\/ title=\"Wat is BIM software Revit?\" tabindex=\"0\">Wat is BIM software Revit?<\/a>\t\t\t<\/h3>\n\t\t\t\t\t\t\t\tRevit is BIM-software die alle architectuur-, engineering- en constructiedisciplines integreert in \u00e9\u00e9n modelleeromgeving. Dit resulteert in effici\u00ebntere en kosteneffectievere projecten. Revit Building Information Model (BIM)-software Wat zijn de voordelen? Het &#8230;\n\t\t\t<a href=\"https:\/\/www.labs31.com\/nl\/wat-is-bim-software-revit\/\" target=\"_self\" role=\"button\" aria-label=\"Lees verder\" rel=\"noopener\">\n\t\t\t\t\t\t\tLees verder\n\t\t<\/a>\n\t\t\t\t\t\t<h3>\n\t\t\t\t<a href=https:\/\/www.labs31.com\/nl\/clash-detectie\/ title=\"Wat is clash detectie?\" tabindex=\"0\">Wat is clash detectie?<\/a>\t\t\t<\/h3>\n\t\t\t\t\t\t\t\tClash detectie wordt gebruikt om een conflict binnen ontwerpen te vinden en te voorkomen. Het is een kans om extra kosten te vermijden tijdens het ontwerpproces van jouw laboratorium. Wat &#8230;\n\t\t\t<a href=\"https:\/\/www.labs31.com\/nl\/clash-detectie\/\" target=\"_self\" role=\"button\" aria-label=\"Lees verder\" rel=\"noopener\">\n\t\t\t\t\t\t\tLees verder\n\t\t<\/a>\n\t\t\t\t\t\t<h3>\n\t\t\t\t<a href=https:\/\/www.labs31.com\/nl\/specifieke-eigenschappen-laboratoriummeubilair-faq\/ title=\"Wat zijn specifieke eigenschappen van laboratoriummeubilair?\" tabindex=\"0\">Wat zijn specifieke eigenschappen van laboratoriummeubilair?<\/a>\t\t\t<\/h3>\n\t\t\t\t\t\t\t\tLaboratoriummeubilair is meubilair dat speciaal is ontworpen zodat het kan worden ingebouwd in elk type laboratorium. De meubels die in het laboratorium staan maken het werk mogelijk en vergemakkelijkt het.&nbsp;Daarom &#8230;\n\t\t\t<a href=\"https:\/\/www.labs31.com\/nl\/specifieke-eigenschappen-laboratoriummeubilair-faq\/\" target=\"_self\" role=\"button\" aria-label=\"Lees verder\" rel=\"noopener\">\n\t\t\t\t\t\t\tLees verder\n\t\t<\/a>\n\t\t\t\t\t\t<h3>\n\t\t\t\t<a href=https:\/\/www.labs31.com\/nl\/wat-is-jouw-visie-op-fit4budget-met-laboratoriumprojecten\/ title=\"Wat is jullie visie op Fit4Budget met laboratoriumprojecten?\" tabindex=\"0\">Wat is jullie visie op Fit4Budget met laboratoriumprojecten?<\/a>\t\t\t<\/h3>\n\t\t\t\t\t\t\t\tWij bieden onze klanten oplossingen die binnen hun budget passen. Op basis van het budget zullen we verbeteringen aanbevelen die het laboratorium naar een hoger niveau tillen of verder brengen. &#8230;\n\t\t\t<a href=\"https:\/\/www.labs31.com\/nl\/wat-is-jouw-visie-op-fit4budget-met-laboratoriumprojecten\/\" target=\"_self\" role=\"button\" aria-label=\"Lees verder\" rel=\"noopener\">\n\t\t\t\t\t\t\tLees verder\n\t\t<\/a>\n\t\t\t\t\t\t<h3>\n\t\t\t\t<a href=https:\/\/www.labs31.com\/nl\/wat-zijn-de-belangrijkste-kenmerken-van-een-geschikt-bio-safety-cabinet\/ title=\"Wat zijn de belangrijkste kenmerken van een geschikt Bio Safety Cabinet?\" tabindex=\"0\">Wat zijn de belangrijkste kenmerken van een geschikt Bio Safety Cabinet?<\/a>\t\t\t<\/h3>\n\t\t\t\t\t\t\t\tBio-Safety Cabinets (BSC) is laboratoriummeubilair dat ter bescherming in een laboratorium wordt geplaatst. Het is een gesloten en geventileerde werkruimte voor het veilig werken met materiaal dat besmet is met &#8230;\n\t\t\t<a href=\"https:\/\/www.labs31.com\/nl\/wat-zijn-de-belangrijkste-kenmerken-van-een-geschikt-bio-safety-cabinet\/\" target=\"_self\" role=\"button\" aria-label=\"Lees verder\" rel=\"noopener\">\n\t\t\t\t\t\t\tLees verder\n\t\t<\/a>\n\t\t\t\t\t\t<h3>\n\t\t\t\t<a href=https:\/\/www.labs31.com\/nl\/wat-is-een-punch-list\/ title=\"Wat is een punch list?\" tabindex=\"0\">Wat is een punch list?<\/a>\t\t\t<\/h3>\n\t\t\t\t\t\t\t\tEen punchlist is een lijst van punten die moeten worden verholpen. Alle punten op de lijst zijn taken of zaken die opgelost moeten worden om een bepaald project af te &#8230;\n\t\t\t<a href=\"https:\/\/www.labs31.com\/nl\/wat-is-een-punch-list\/\" target=\"_self\" role=\"button\" aria-label=\"Lees verder\" rel=\"noopener\">\n\t\t\t\t\t\t\tLees verder\n\t\t<\/a>\n\t\t\t\t\t\t<h3>\n\t\t\t\t<a href=https:\/\/www.labs31.com\/nl\/laboratoriumlicentie-faq\/ title=\"Heb je een laboratoriumlicentie nodig?\" tabindex=\"0\">Heb je een laboratoriumlicentie nodig?<\/a>\t\t\t<\/h3>\n\t\t\t\t\t\t\t\tDe noodzaak van een laboratoriumlicentie verschilt per land, bedrijf en type laboratorium. Het is slim om te kijken naar de lokale wetten van het land waar je jouw lab start. &#8230;\n\t\t\t<a href=\"https:\/\/www.labs31.com\/nl\/laboratoriumlicentie-faq\/\" target=\"_self\" role=\"button\" aria-label=\"Lees verder\" rel=\"noopener\">\n\t\t\t\t\t\t\tLees verder\n\t\t<\/a>\n\t\t\t\t\t\t<h3>\n\t\t\t\t<a href=https:\/\/www.labs31.com\/nl\/laboratorium-ontwerp-faq\/ title=\"Hoe begin je een laboratorium ontwerp?\" tabindex=\"0\">Hoe begin je een laboratorium ontwerp?<\/a>\t\t\t<\/h3>\n\t\t\t\t\t\t\t\tEen functioneel, veilig en effectief laboratorium is geen gemakkelijke taak. Ontwerp een laboratorium met zorgvuldige aandacht, zodat de onderzoekers die er werken ten goede komen. Een kleine fout of onoplettendheid &#8230;\n\t\t\t<a href=\"https:\/\/www.labs31.com\/nl\/laboratorium-ontwerp-faq\/\" target=\"_self\" role=\"button\" aria-label=\"Lees verder\" rel=\"noopener\">\n\t\t\t\t\t\t\tLees verder\n\t\t<\/a>\n\t\t\t\t\t\t<h3>\n\t\t\t\t<a href=https:\/\/www.labs31.com\/nl\/wat-zijn-de-belangrijke-kenmerken-van-een-geschikte-zuurkast\/ title=\"Wat zijn de belangrijke kenmerken van een geschikte zuurkast?\" tabindex=\"0\">Wat zijn de belangrijke kenmerken van een geschikte zuurkast?<\/a>\t\t\t<\/h3>\n\t\t\t\t\t\t\t\tDe zuurkast (FC) of zuurkast beschermt gebruikers tegen contact met potentieel gevaarlijke chemicali\u00ebn en dient deze buiten het gebouw af te voeren. Deze kasten zorgen ervoor dat blootstelling aan gevaarlijke, &#8230;\n\t\t\t<a href=\"https:\/\/www.labs31.com\/nl\/wat-zijn-de-belangrijke-kenmerken-van-een-geschikte-zuurkast\/\" target=\"_self\" role=\"button\" aria-label=\"Lees verder\" rel=\"noopener\">\n\t\t\t\t\t\t\tLees verder\n\t\t<\/a>\n\t\t\t\t\t\t<h3>\n\t\t\t\t<a href=https:\/\/www.labs31.com\/nl\/wat-is-de-betekenis-van-fit4purpose-op-laboratoriumprojecten\/ title=\"Wat is de betekenis van Fit4Purpose op laboratoriumprojecten?\" tabindex=\"0\">Wat is de betekenis van Fit4Purpose op laboratoriumprojecten?<\/a>\t\t\t<\/h3>\n\t\t\t\t\t\t\t\tWe kunnen onze klanten gedurende het hele project ondersteunen, van de eerste schets tot de oplevering. Voordat we een laboratorium ontwerpen, kijken we eerst naar de uit te voeren analyses. &#8230;\n\t\t\t<a href=\"https:\/\/www.labs31.com\/nl\/wat-is-de-betekenis-van-fit4purpose-op-laboratoriumprojecten\/\" target=\"_self\" role=\"button\" aria-label=\"Lees verder\" rel=\"noopener\">\n\t\t\t\t\t\t\tLees verder\n\t\t<\/a>\n\t\t\t\t\t\t<h3>\n\t\t\t\t<a href=https:\/\/www.labs31.com\/nl\/hoe-samenwerken\/ title=\"Hoe samenwerken?\" tabindex=\"0\">Hoe samenwerken?<\/a>\t\t\t<\/h3>\n\t\t\t\t\t\t\t\tWe zijn een echt netwerkbedrijf. We werken al heel lang samen en we weten dat je graag met ons samenwerkt. Maar soms is het moeilijk om al onze projecten te &#8230;\n\t\t\t<a href=\"https:\/\/www.labs31.com\/nl\/hoe-samenwerken\/\" target=\"_self\" role=\"button\" aria-label=\"Lees verder\" rel=\"noopener\">\n\t\t\t\t\t\t\tLees verder\n\t\t<\/a>\n\t\t\t\t\t\t<h3>\n\t\t\t\t<a href=https:\/\/www.labs31.com\/nl\/nutsvoorzieningen-laboratoriumontwerp\/ title=\"Zijn nutsvoorzieningen onderdeel van jouw laboratoriumontwerp?\" tabindex=\"0\">Zijn nutsvoorzieningen onderdeel van jouw laboratoriumontwerp?<\/a>\t\t\t<\/h3>\n\t\t\t\t\t\t\t\tDit is afhankelijk van jouw wensen en die van de opdrachtgever. Nutsvoorzieningen zoals gas, water, stroomvoorziening, data en HVAC kunnen onderdeel zijn van jouw laboratoriumontwerp. In de meeste gevallen kunnen &#8230;\n\t\t\t<a href=\"https:\/\/www.labs31.com\/nl\/nutsvoorzieningen-laboratoriumontwerp\/\" target=\"_self\" role=\"button\" aria-label=\"Lees verder\" rel=\"noopener\">\n\t\t\t\t\t\t\tLees verder\n\t\t<\/a>\n\t\t\t\t\t\t<h3>\n\t\t\t\t<a href=https:\/\/www.labs31.com\/nl\/kunnen-we-het-labontwerp-en-de-engineeringgegevens-gebruiken-als-input-voor-het-hvac-ontwerp\/ title=\"Kunnen we het laboratoriumontwerp gebruiken als input voor het HVAC-ontwerp?\" tabindex=\"0\">Kunnen we het laboratoriumontwerp gebruiken als input voor het HVAC-ontwerp?<\/a>\t\t\t<\/h3>\n\t\t\t\t\t\t\t\tZeker wel. Wat er in de laboratoriumruimte gebeurt, heeft invloed op het HVAC-ontwerp. Afhankelijk van het werk heb je te maken met allerlei gevaren (chemisch, biologisch). Lab ontwerp als input &#8230;\n\t\t\t<a href=\"https:\/\/www.labs31.com\/nl\/kunnen-we-het-labontwerp-en-de-engineeringgegevens-gebruiken-als-input-voor-het-hvac-ontwerp\/\" target=\"_self\" role=\"button\" aria-label=\"Lees verder\" rel=\"noopener\">\n\t\t\t\t\t\t\tLees verder\n\t\t<\/a>\n\t\t\t\t\t\t<h3>\n\t\t\t\t<a href=https:\/\/www.labs31.com\/nl\/laboratorium-optimalisatie-faq\/ title=\"Wat is laboratorium optimalisatie?\" tabindex=\"0\">Wat is laboratorium optimalisatie?<\/a>\t\t\t<\/h3>\n\t\t\t\t\t\t\t\tIn een laboratorium is het erg belangrijk om effici\u00ebnt, schoon en veilig te werken. De lab procedures moeten eenvoudig en gereguleerd zijn. Dit zal leiden tot snellere en betrouwbare resultaten. &#8230;\n\t\t\t<a href=\"https:\/\/www.labs31.com\/nl\/laboratorium-optimalisatie-faq\/\" target=\"_self\" role=\"button\" aria-label=\"Lees verder\" rel=\"noopener\">\n\t\t\t\t\t\t\tLees verder\n\t\t<\/a>\n\t\t\t\t\t\t<h3>\n\t\t\t\t<a href=https:\/\/www.labs31.com\/nl\/verschil-lab-en-een-cleanroom\/ title=\"Wat is het verschil tussen een laboratorium en een cleanroom?\" tabindex=\"0\">Wat is het verschil tussen een laboratorium en een cleanroom?<\/a>\t\t\t<\/h3>\n\t\t\t\t\t\t\t\tEr is geen directe relatie tussen een laboratorium en een cleanroom. De manieren waar laboratoria en cleanrooms werken verschillen, maar ze kunnen beiden experimenteren. Laboratoria zijn voor experimenteren, analyseren en &#8230;\n\t\t\t<a href=\"https:\/\/www.labs31.com\/nl\/verschil-lab-en-een-cleanroom\/\" target=\"_self\" role=\"button\" aria-label=\"Lees verder\" rel=\"noopener\">\n\t\t\t\t\t\t\tLees verder\n\t\t<\/a>\n\t\t\t\t\t\t<h3>\n\t\t\t\t<a href=https:\/\/www.labs31.com\/nl\/wat-zijn-veiligheidsvoorschriften-voor-een-laboratorium\/ title=\"Wat zijn veiligheidsvoorschriften voor een laboratorium?\" tabindex=\"0\">Wat zijn veiligheidsvoorschriften voor een laboratorium?<\/a>\t\t\t<\/h3>\n\t\t\t\t\t\t\t\tVeiligheidsvoorschriften hebben verschillende bronnen. Om deze reden is het moeilijk om te defini\u00ebren wat de specifieke veiligheidsvoorschriften zijn. Wat zijn verschillende bronnen voor veiligheidsvoorschriften? Bedrijfsinstructies Lokale (bijv. stad) of landelijke &#8230;\n\t\t\t<a href=\"https:\/\/www.labs31.com\/nl\/wat-zijn-veiligheidsvoorschriften-voor-een-laboratorium\/\" target=\"_self\" role=\"button\" aria-label=\"Lees verder\" rel=\"noopener\">\n\t\t\t\t\t\t\tLees verder\n\t\t<\/a>\n\t\t\t\t\t\t<h3>\n\t\t\t\t<a href=https:\/\/www.labs31.com\/nl\/workshop-laboratoriumontwerp\/ title=\"Wanneer is een workshop laboratoriumontwerp nuttig?\" tabindex=\"0\">Wanneer is een workshop laboratoriumontwerp nuttig?<\/a>\t\t\t<\/h3>\n\t\t\t\t\t\t\t\tDe volgende situaties zijn voorbeelden waarin een workshop laboratoriumontwerp nuttig voor jou kan zijn: Wanneer laboratoriumexpertise niet aanwezig is binnen jouw bedrijf. Om te stoppen met schetsen in powerpoint of &#8230;\n\t\t\t<a href=\"https:\/\/www.labs31.com\/nl\/workshop-laboratoriumontwerp\/\" target=\"_self\" role=\"button\" aria-label=\"Lees verder\" rel=\"noopener\">\n\t\t\t\t\t\t\tLees verder\n\t\t<\/a>\n\t\t\t\t\t\t<h3>\n\t\t\t\t<a href=https:\/\/www.labs31.com\/nl\/laboratorium-digitalisatie-faq\/ title=\"Wat verstaan wij onder laboratorium digitalisering?\" tabindex=\"0\">Wat verstaan wij onder laboratorium digitalisering?<\/a>\t\t\t<\/h3>\n\t\t\t\t\t\t\t\tLaboratoriumdigitalisering is uw laboratorium virtueel. In dit virtuele lab is het mogelijk om op een unieke manier uw laboratoriumomgeving te betreden. Door middel van speciale informatiepunten kunt u informatie inzien &#8230;\n\t\t\t<a href=\"https:\/\/www.labs31.com\/nl\/laboratorium-digitalisatie-faq\/\" target=\"_self\" role=\"button\" aria-label=\"Lees verder\" rel=\"noopener\">\n\t\t\t\t\t\t\tLees verder\n\t\t<\/a>\n\t\t\t\t\t\t<h3>\n\t\t\t\t<a href=https:\/\/www.labs31.com\/nl\/laboratorium-inrichting-faq\/ title=\"Wat zijn de belangrijkste onderwerpen voor een optimale laboratorium inrichting?\" tabindex=\"0\">Wat zijn de belangrijkste onderwerpen voor een optimale laboratorium inrichting?<\/a>\t\t\t<\/h3>\n\t\t\t\t\t\t\t\tBij laboratorium inrichting is het van belang dat elke meter optimaal benut wordt, dit om een effectief laboratorium te cre\u00ebren. Tijdens het inrichten van jouw lab is het belangrijk dat &#8230;\n\t\t\t<a href=\"https:\/\/www.labs31.com\/nl\/laboratorium-inrichting-faq\/\" target=\"_self\" role=\"button\" aria-label=\"Lees verder\" rel=\"noopener\">\n\t\t\t\t\t\t\tLees verder\n\t\t<\/a>\n\t\t\t\t\t\t<h3>\n\t\t\t\t<a href=https:\/\/www.labs31.com\/nl\/laboratorium-veiligheid\/ title=\"Hoe maak je een laboratorium veilig?\" tabindex=\"0\">Hoe maak je een laboratorium veilig?<\/a>\t\t\t<\/h3>\n\t\t\t\t\t\t\t\tEen laboratorium moet aan veel eigen op het gebied van veiligheid en milieu voldoen. In een laboratorium zijn veel gevaarbronnen aanwezig die mogelijk een risico kunnen zijn. Daarom is het &#8230;\n\t\t\t<a href=\"https:\/\/www.labs31.com\/nl\/laboratorium-veiligheid\/\" target=\"_self\" role=\"button\" aria-label=\"Lees verder\" rel=\"noopener\">\n\t\t\t\t\t\t\tLees verder\n\t\t<\/a>\n\t\t\t\t\t\t<h3>\n\t\t\t\t<a href=https:\/\/www.labs31.com\/nl\/laboratorium-apparatuur-lijst\/ title=\"Heb ik een laboratorium apparatuur lijst nodig?\" tabindex=\"0\">Heb ik een laboratorium apparatuur lijst nodig?<\/a>\t\t\t<\/h3>\n\t\t\t\t\t\t\t\tWanneer je begint met het ontwerpen van jouw laboratorium heb je nog geen laboratorium apparatuur lijst nodig. Het kan handig zijn om de Must-have List of Science Equipment&#8217;s a Laboratory &#8230;\n\t\t\t<a href=\"https:\/\/www.labs31.com\/nl\/laboratorium-apparatuur-lijst\/\" target=\"_self\" role=\"button\" aria-label=\"Lees verder\" rel=\"noopener\">\n\t\t\t\t\t\t\tLees verder\n\t\t<\/a>\n\t\t\t\t\t\t<h3>\n\t\t\t\t<a href=https:\/\/www.labs31.com\/nl\/lean-laboratorium-ontwerp\/ title=\"Wat is een Lean Laboratorium ontwerp?\" tabindex=\"0\">Wat is een Lean Laboratorium ontwerp?<\/a>\t\t\t<\/h3>\n\t\t\t\t\t\t\t\tEen Lean Laboratorium is een laboratorium dat is ontworpen met de principes van lean manufacturing &#8211; in wezen wordt procesoptimalisatie aangedreven. Een gestroomlijnde en effici\u00ebnte faciliteit die op een effici\u00ebnte &#8230;\n\t\t\t<a href=\"https:\/\/www.labs31.com\/nl\/lean-laboratorium-ontwerp\/\" target=\"_self\" role=\"button\" aria-label=\"Lees verder\" rel=\"noopener\">\n\t\t\t\t\t\t\tLees verder\n\t\t<\/a>\n\t\t\t\t\t\t<h3>\n\t\t\t\t<a href=https:\/\/www.labs31.com\/nl\/laboratorium-gezondheidsvoorschriften-faq\/ title=\"Wat zijn laboratorium gezondheidsvoorschriften?\" tabindex=\"0\">Wat zijn laboratorium gezondheidsvoorschriften?<\/a>\t\t\t<\/h3>\n\t\t\t\t\t\t\t\tHet belangrijkste om in gedachten te houden bij het ontwerpen van een laboratorium is de veiligheid van de mensen in en rond het laboratorium. Je moet naar het hele ontwerp &#8230;\n\t\t\t<a href=\"https:\/\/www.labs31.com\/nl\/laboratorium-gezondheidsvoorschriften-faq\/\" target=\"_self\" role=\"button\" aria-label=\"Lees verder\" rel=\"noopener\">\n\t\t\t\t\t\t\tLees verder\n\t\t<\/a>\n\t\t\t\t\t\t<h3>\n\t\t\t\t<a href=https:\/\/www.labs31.com\/nl\/wat-is-building-information-modeling-bim\/ title=\"Wat is Building Information Modeling (BIM)?\" tabindex=\"0\">Wat is Building Information Modeling (BIM)?<\/a>\t\t\t<\/h3>\n\t\t\t\t\t\t\t\tBuilding Information Modeling Building Information Modelling (BIM) is het ge\u00efntegreerde proces van het cre\u00ebren en beheren van informatie voor een gebouwde omgeving. Het vormt de basis van een digitale transformatie &#8230;\n\t\t\t<a href=\"https:\/\/www.labs31.com\/nl\/wat-is-building-information-modeling-bim\/\" target=\"_self\" role=\"button\" aria-label=\"Lees verder\" rel=\"noopener\">\n\t\t\t\t\t\t\tLees verder\n\t\t<\/a>\n\t\t\t\t\t\t<h3>\n\t\t\t\t<a href=https:\/\/www.labs31.com\/nl\/battery-of-limit\/ title=\"Wat is een Battery of Limit?\" tabindex=\"0\">Wat is een Battery of Limit?<\/a>\t\t\t<\/h3>\n\t\t\t\t\t\t\t\tDe batterij van limiet (Battery of Limit) is het raakpunt tussen twee partijen. Zo is \u00e9\u00e9n partij verantwoordelijk voor de hoofdwaterleiding. De wederpartij is verantwoordelijk voor de aansluiting op het &#8230;\n\t\t\t<a href=\"https:\/\/www.labs31.com\/nl\/battery-of-limit\/\" target=\"_self\" role=\"button\" aria-label=\"Lees verder\" rel=\"noopener\">\n\t\t\t\t\t\t\tLees verder\n\t\t<\/a>\n\n","protected":false},"excerpt":{"rendered":"<p>FAQ Laboratoria Antwoorden op veelgestelde vragen over laboratoria We willen je op welke manier dan ook helpen, dus laten we wat laboratoriumvragen beantwoorden die je misschien hebt. Wat is een 3D laboratoriumontwerp? Een 3D laboratoriumontwerp is een digitale driedimensionale tekening van uw laboratorium met daaronder allemaal labontwerp rekenmodellen en doorekeningen. Hoe ziet een 3D laboratoriumontwerp [&hellip;]<\/p>\n","protected":false},"author":2,"featured_media":0,"parent":0,"menu_order":0,"comment_status":"closed","ping_status":"closed","template":"","meta":{"content-type":"","site-sidebar-layout":"no-sidebar","site-content-layout":"page-builder","ast-site-content-layout":"full-width-container","site-content-style":"unboxed","site-sidebar-style":"unboxed","ast-global-header-display":"","ast-banner-title-visibility":"","ast-main-header-display":"","ast-hfb-above-header-display":"","ast-hfb-below-header-display":"","ast-hfb-mobile-header-display":"","site-post-title":"disabled","ast-breadcrumbs-content":"","ast-featured-img":"","footer-sml-layout":"","theme-transparent-header-meta":"enabled","adv-header-id-meta":"","stick-header-meta":"default","header-above-stick-meta":"","header-main-stick-meta":"","header-below-stick-meta":"","astra-migrate-meta-layouts":"default","ast-page-background-enabled":"default","ast-page-background-meta":{"desktop":{"background-color":"","background-image":"","background-repeat":"repeat","background-position":"center center","background-size":"auto","background-attachment":"scroll","background-type":"","background-media":"","overlay-type":"","overlay-color":"","overlay-opacity":"","overlay-gradient":""},"tablet":{"background-color":"","background-image":"","background-repeat":"repeat","background-position":"center center","background-size":"auto","background-attachment":"scroll","background-type":"","background-media":"","overlay-type":"","overlay-color":"","overlay-opacity":"","overlay-gradient":""},"mobile":{"background-color":"","background-image":"","background-repeat":"repeat","background-position":"center center","background-size":"auto","background-attachment":"scroll","background-type":"","background-media":"","overlay-type":"","overlay-color":"","overlay-opacity":"","overlay-gradient":""}},"ast-content-background-meta":{"desktop":{"background-color":"var(--ast-global-color-5)","background-image":"","background-repeat":"repeat","background-position":"center center","background-size":"auto","background-attachment":"scroll","background-type":"","background-media":"","overlay-type":"","overlay-color":"","overlay-opacity":"","overlay-gradient":""},"tablet":{"background-color":"var(--ast-global-color-5)","background-image":"","background-repeat":"repeat","background-position":"center center","background-size":"auto","background-attachment":"scroll","background-type":"","background-media":"","overlay-type":"","overlay-color":"","overlay-opacity":"","overlay-gradient":""},"mobile":{"background-color":"var(--ast-global-color-5)","background-image":"","background-repeat":"repeat","background-position":"center center","background-size":"auto","background-attachment":"scroll","background-type":"","background-media":"","overlay-type":"","overlay-color":"","overlay-opacity":"","overlay-gradient":""}},"footnotes":""},"class_list":["post-3593","page","type-page","status-publish","hentry"],"_links":{"self":[{"href":"https:\/\/www.labs31.com\/nl\/wp-json\/wp\/v2\/pages\/3593","targetHints":{"allow":["GET"]}}],"collection":[{"href":"https:\/\/www.labs31.com\/nl\/wp-json\/wp\/v2\/pages"}],"about":[{"href":"https:\/\/www.labs31.com\/nl\/wp-json\/wp\/v2\/types\/page"}],"author":[{"embeddable":true,"href":"https:\/\/www.labs31.com\/nl\/wp-json\/wp\/v2\/users\/2"}],"replies":[{"embeddable":true,"href":"https:\/\/www.labs31.com\/nl\/wp-json\/wp\/v2\/comments?post=3593"}],"version-history":[{"count":27,"href":"https:\/\/www.labs31.com\/nl\/wp-json\/wp\/v2\/pages\/3593\/revisions"}],"predecessor-version":[{"id":5268,"href":"https:\/\/www.labs31.com\/nl\/wp-json\/wp\/v2\/pages\/3593\/revisions\/5268"}],"wp:attachment":[{"href":"https:\/\/www.labs31.com\/nl\/wp-json\/wp\/v2\/media?parent=3593"}],"curies":[{"name":"wp","href":"https:\/\/api.w.org\/{rel}","templated":true}]}}