{"id":3437,"date":"2021-08-23T15:18:52","date_gmt":"2021-08-23T13:18:52","guid":{"rendered":"https:\/\/www.labs31.com\/projecten\/"},"modified":"2025-01-15T12:05:30","modified_gmt":"2025-01-15T11:05:30","slug":"laboratorium-projecten-labs31-klanten-projecten","status":"publish","type":"page","link":"https:\/\/www.labs31.com\/nl\/laboratorium-projecten-labs31-klanten-projecten\/","title":{"rendered":"Projecten"},"content":{"rendered":"\n\n<h1>Projecten Alles over laboratorium onze laboratorium projecten en marktervaring <\/h1>\n<h2>\n\t\tVeel projecten op verschillende continenten\n\t<\/h2>\n\t<p>Meer dan 25 jaar projectervaring. Projecten over de hele wereld en in allerlei verschillende sectoren en industrie\u00ebn, zo ook in Nederland en Belgi\u00eb.<\/p>\n\t\t\t\t<img loading=\"lazy\" decoding=\"async\" src=\"https:\/\/www.labs31.com\/wp-content\/uploads\/Labs31-Scene-Drawing-example1.jpg\" alt=\"Labs31-Scene-Drawing -example1\" itemprop=\"image\" height=\"675\" width=\"1200\" title=\"Labs31-Scene-Drawing -example1\" onerror=\"this.style.display='none'\"  \/>\n\t<p>Elk project heeft altijd zijn eigen laboratoriumontwerp en optimalisatie-uitdagingen en wij helpen u graag. Wij zijn uw ervaren partner voor onderwerpen als luchtbehandeling, duurzaamheid, smart lab, gezondheid, ergonomie, flexibiliteit, budget, veiligheid, digitalisering en of her-bruikbaarheid.<\/p>\n\t<h3>Actieve sectoren en industrie\u00ebn<\/h3>\n<ul>\n<li>Biotechnologie<\/li>\n<li>Food<\/li>\n<li>Polymeren (kunststoffen)<\/li>\n<li>Chemisch<\/li>\n<li>Energie, olie en gas<\/li>\n<li>Universiteiten, hogescholen en scholen<\/li>\n<li>Onderzoek &amp; Ontwikkeling<\/li>\n<li>Ziekenhuizen, Medisch<\/li>\n<li>farmaceutisch<\/li>\n<li>Geowetenschappen<\/li>\n<li>Natte laboratoria<\/li>\n<li>Staal<\/li>\n<\/ul>\n<h3>\n\t\tOnze wereldwijde projectervaring\n\t<\/h3>\n\t\t\t\t<img loading=\"lazy\" decoding=\"async\" src=\"https:\/\/www.labs31.com\/wp-content\/uploads\/Labs31-Global-Experiences.jpg\" alt=\"Labs31 wereldwijde ervaringen\" itemprop=\"image\" height=\"675\" width=\"1200\" title=\"Labs31 wereldwijde ervaringen\" onerror=\"this.style.display='none'\"  \/>\n<h2>\n\t\tReferenties van projecten:\n\t<\/h2>\n\t\t\t\t\t\t\t\t\t\t\t\t\t\t<a href=\"https:\/\/www.labs31.com\/nl\/battolyser-systems-volledig-operationeel-laboratorium\/\" target=\"_self\" title=\"Battolyser Systems: Volledig operationeel laboratorium\" rel=\"noopener\">\n\t\t\t\t<img decoding=\"async\" src=\"https:\/\/www.labs31.com\/wp-content\/uploads\/battolyser-labs31-1.jpg\" alt=\"battolyser-labs31-1\" \/>\n\t\t\t\t<\/a>\n\t\t\t\t\t\t<h3>\n\t\t\t\t<a href=https:\/\/www.labs31.com\/nl\/battolyser-systems-volledig-operationeel-laboratorium\/ title=\"Battolyser Systems: Volledig operationeel laboratorium\" tabindex=\"0\">Battolyser Systems: Volledig operationeel laboratorium<\/a>\t\t\t<\/h3>\n\t\t\t\t\t\t\t\tBattolyser is &#8217;s werelds eerste ge\u00efntegreerde batterij-elektrolysersysteem. Hun gepatenteerde technologie cre\u00ebert een zeer effici\u00ebnte elektrolyser die ook stroom kan opslaan en leveren zoals een batterij. &#8230;\n\t\t\t<a href=\"https:\/\/www.labs31.com\/nl\/battolyser-systems-volledig-operationeel-laboratorium\/\" target=\"_self\" role=\"button\" aria-label=\"Meer informatie\" rel=\"noopener\">\n\t\t\t\t\t\t\tMeer informatie\n\t\t<\/a>\n\t\t\t\t\t\t\t\t\t\t\t\t\t\t<a href=\"https:\/\/www.labs31.com\/nl\/nvwa-programma-van-eisen-laboratorium\/\" target=\"_self\" title=\"NVWA: Programma van Eisen Laboratorium\" rel=\"noopener\">\n\t\t\t\t<img decoding=\"async\" src=\"https:\/\/www.labs31.com\/wp-content\/uploads\/nvwa1.jpg\" alt=\"nvwa1\" \/>\n\t\t\t\t<\/a>\n\t\t\t\t\t\t<h3>\n\t\t\t\t<a href=https:\/\/www.labs31.com\/nl\/nvwa-programma-van-eisen-laboratorium\/ title=\"NVWA: Programma van Eisen Laboratorium\" tabindex=\"0\">NVWA: Programma van Eisen Laboratorium<\/a>\t\t\t<\/h3>\n\t\t\t\t\t\t\t\tDe Nederlandse Voedsel- en Warenautoriteit (NVWA) ziet toe op de veiligheid van voedsel en consumentenproducten, dierenwelzijn en de bescherming van de natuur. Voor het NVWA &#8230;\n\t\t\t<a href=\"https:\/\/www.labs31.com\/nl\/nvwa-programma-van-eisen-laboratorium\/\" target=\"_self\" role=\"button\" aria-label=\"Meer informatie\" rel=\"noopener\">\n\t\t\t\t\t\t\tMeer informatie\n\t\t<\/a>\n\t\t\t\t\t\t\t\t\t\t\t\t\t\t<a href=\"https:\/\/www.labs31.com\/nl\/intertek-herontwerp-laboratorium\/\" target=\"_self\" title=\"Intertek: Herontwerp laboratorium\" rel=\"noopener\">\n\t\t\t\t<img decoding=\"async\" src=\"https:\/\/www.labs31.com\/wp-content\/uploads\/Intertek2.jpg\" alt=\"Intertek Labs31 werkshop 2\" \/>\n\t\t\t\t<\/a>\n\t\t\t\t\t\t<h3>\n\t\t\t\t<a href=https:\/\/www.labs31.com\/nl\/intertek-herontwerp-laboratorium\/ title=\"Intertek: Herontwerp laboratorium\" tabindex=\"0\">Intertek: Herontwerp laboratorium<\/a>\t\t\t<\/h3>\n\t\t\t\t\t\t\t\tTijdens onze ontmoeting bespraken we de huidige activiteiten voor het Intertek-laboratorium in Hoogvliet en bij het Mineralen laboratorium in Rotterdam. We hebben ook een goede &#8230;\n\t\t\t<a href=\"https:\/\/www.labs31.com\/nl\/intertek-herontwerp-laboratorium\/\" target=\"_self\" role=\"button\" aria-label=\"Meer informatie\" rel=\"noopener\">\n\t\t\t\t\t\t\tMeer informatie\n\t\t<\/a>\n\t\t\t\t\t\t\t\t\t\t\t\t\t\t<a href=\"https:\/\/www.labs31.com\/nl\/eggtuber-hands-on-laboratorium-engineering\/\" target=\"_self\" title=\"Eggtuber: hands-on laboratorium engineering\" rel=\"noopener\">\n\t\t\t\t<img decoding=\"async\" src=\"https:\/\/www.labs31.com\/wp-content\/uploads\/hands-on-laboratory-engineering.jpg\" alt=\"hands-on-laboratorium-engineering\" \/>\n\t\t\t\t<\/a>\n\t\t\t\t\t\t<h3>\n\t\t\t\t<a href=https:\/\/www.labs31.com\/nl\/eggtuber-hands-on-laboratorium-engineering\/ title=\"Eggtuber: hands-on laboratorium engineering\" tabindex=\"0\">Eggtuber: hands-on laboratorium engineering<\/a>\t\t\t<\/h3>\n\t\t\t\t\t\t\t\tEGGTuber heeft een disruptieve technologie ontwikkeld die de beperkingen van het huidige pootgoedvoorzieningssysteem overwint en zal als voorloper de wereldwijde pootaardappelmarkt kunnen gaan leiden. Eggtuber &#8230;\n\t\t\t<a href=\"https:\/\/www.labs31.com\/nl\/eggtuber-hands-on-laboratorium-engineering\/\" target=\"_self\" role=\"button\" aria-label=\"Meer informatie\" rel=\"noopener\">\n\t\t\t\t\t\t\tMeer informatie\n\t\t<\/a>\n\t\t\t\t\t\t\t\t\t\t\t\t\t\t<a href=\"https:\/\/www.labs31.com\/nl\/bi-ond-biomedische-innovatie-en-we-zijn-trots-om-te-helpen\/\" target=\"_self\" title=\"Bi\/Ond: Biomedische innovatie in een laboratorium\" rel=\"noopener\">\n\t\t\t\t<img decoding=\"async\" src=\"https:\/\/www.labs31.com\/wp-content\/uploads\/biond-labs31-1.jpg\" alt=\"biond-labs31-1\" \/>\n\t\t\t\t<\/a>\n\t\t\t\t\t\t<h3>\n\t\t\t\t<a href=https:\/\/www.labs31.com\/nl\/bi-ond-biomedische-innovatie-en-we-zijn-trots-om-te-helpen\/ title=\"Bi\/Ond: Biomedische innovatie in een laboratorium\" tabindex=\"0\">Bi\/Ond: Biomedische innovatie in een laboratorium<\/a>\t\t\t<\/h3>\n\t\t\t\t\t\t\t\tWe ondersteunen Bi\/Ond bij het ontwerpen en realiseren van hun eerste laboratorium en hebben daar veel lol in. Volledige support Een van de deliverables is &#8230;\n\t\t\t<a href=\"https:\/\/www.labs31.com\/nl\/bi-ond-biomedische-innovatie-en-we-zijn-trots-om-te-helpen\/\" target=\"_self\" role=\"button\" aria-label=\"Meer informatie\" rel=\"noopener\">\n\t\t\t\t\t\t\tMeer informatie\n\t\t<\/a>\n\t\t\t\t\t\t\t\t\t\t\t\t\t\t<a href=\"https:\/\/www.labs31.com\/nl\/bunge-loders-nieuw-laboratorium-ontwerp-en-engineering\/\" target=\"_self\" title=\"Bunge Loders: Nieuw laboratorium ontwerp en engineering\" rel=\"noopener\">\n\t\t\t\t<img decoding=\"async\" src=\"https:\/\/www.labs31.com\/wp-content\/uploads\/old-bunge-loders-windmolen-labs31.jpg\" alt=\"old-bunge-loders-windmolen-labs31\" \/>\n\t\t\t\t<\/a>\n\t\t\t\t\t\t<h3>\n\t\t\t\t<a href=https:\/\/www.labs31.com\/nl\/bunge-loders-nieuw-laboratorium-ontwerp-en-engineering\/ title=\"Bunge Loders: Nieuw laboratorium ontwerp en engineering\" tabindex=\"0\">Bunge Loders: Nieuw laboratorium ontwerp en engineering<\/a>\t\t\t<\/h3>\n\t\t\t\t\t\t\t\tBunge Loder is een onderneming met een Zaans DNA. Het bedrijf startte in 1891 als Crok &amp; Laan (toen nog met windmolen) en groeide door &#8230;\n\t\t\t<a href=\"https:\/\/www.labs31.com\/nl\/bunge-loders-nieuw-laboratorium-ontwerp-en-engineering\/\" target=\"_self\" role=\"button\" aria-label=\"Meer informatie\" rel=\"noopener\">\n\t\t\t\t\t\t\tMeer informatie\n\t\t<\/a>\n\t\t\t\t\t\t\t\t\t\t\t\t\t\t<a href=\"https:\/\/www.labs31.com\/nl\/shell-nieuwe-laboratoriumrobot-in-shell-pernis-we-hebben-de-speciale-mor-lab-ruimte-mede-ontworpen\/\" target=\"_self\" title=\"Shell: Nieuwe laboratoriumrobot in Shell Pernis, we hebben de speciale MOR-lab ruimte mede ontworpen\" rel=\"noopener\">\n\t\t\t\t<img decoding=\"async\" src=\"https:\/\/www.labs31.com\/wp-content\/uploads\/shell-mor-robot-new.jpg\" alt=\"shell-mor-robot-new\" \/>\n\t\t\t\t<\/a>\n\t\t\t\t\t\t<h3>\n\t\t\t\t<a href=https:\/\/www.labs31.com\/nl\/shell-nieuwe-laboratoriumrobot-in-shell-pernis-we-hebben-de-speciale-mor-lab-ruimte-mede-ontworpen\/ title=\"Shell: Nieuwe laboratoriumrobot in Shell Pernis, we hebben de speciale MOR-lab ruimte mede ontworpen\" tabindex=\"0\">Shell: Nieuwe laboratoriumrobot in Shell Pernis, we hebben de speciale MOR-lab ruimte mede ontworpen<\/a>\t\t\t<\/h3>\n\t\t\t\t\t\t\t\tWe hebben samen een speciale, volledig geautomatiseerde verwijderingsruimte voor chemisch afval ontworpen. Dit ontwerp omvat een Cobot (Co-Robot) om het menselijk welzijn te vergroten. Shell &#8230;\n\t\t\t<a href=\"https:\/\/www.labs31.com\/nl\/shell-nieuwe-laboratoriumrobot-in-shell-pernis-we-hebben-de-speciale-mor-lab-ruimte-mede-ontworpen\/\" target=\"_self\" role=\"button\" aria-label=\"Meer informatie\" rel=\"noopener\">\n\t\t\t\t\t\t\tMeer informatie\n\t\t<\/a>\n\t\t\t\t\t\t\t\t\t\t\t\t\t\t<a href=\"https:\/\/www.labs31.com\/nl\/cotegna-opnieuw-ontworpen-laboratorium\/\" target=\"_self\" title=\"Cotecna: opnieuw ontworpen laboratorium\" rel=\"noopener\">\n\t\t\t\t<img decoding=\"async\" src=\"https:\/\/www.labs31.com\/wp-content\/uploads\/Nofalab-gebouw-1200x675-1.jpg\" alt=\"herontwerp laboratorium\" \/>\n\t\t\t\t<\/a>\n\t\t\t\t\t\t<h3>\n\t\t\t\t<a href=https:\/\/www.labs31.com\/nl\/cotegna-opnieuw-ontworpen-laboratorium\/ title=\"Cotecna: opnieuw ontworpen laboratorium\" tabindex=\"0\">Cotecna: opnieuw ontworpen laboratorium<\/a>\t\t\t<\/h3>\n\t\t\t\t\t\t\t\tNofalab maakt deel uit van de Cotecna-groep. We hebben Nofalab recentelijk geholpen met de herinrichting van hun laboratorium na een brand. Veiligheid voor het nieuwe &#8230;\n\t\t\t<a href=\"https:\/\/www.labs31.com\/nl\/cotegna-opnieuw-ontworpen-laboratorium\/\" target=\"_self\" role=\"button\" aria-label=\"Meer informatie\" rel=\"noopener\">\n\t\t\t\t\t\t\tMeer informatie\n\t\t<\/a>\n\t\t\t\t\t\t\t\t\t\t\t\t\t\t<a href=\"https:\/\/www.labs31.com\/nl\/neste-nieuw-laboratoriumontwerp-voor-nieuwe-biobrandstoffabriek\/\" target=\"_self\" title=\"Neste: nieuw laboratoriumontwerp voor nieuwe biobrandstoffabriek\" rel=\"noopener\">\n\t\t\t\t<img decoding=\"async\" src=\"https:\/\/www.labs31.com\/wp-content\/uploads\/bestaand-lab.jpg\" alt=\"neste0 laboratoriumontwerp\" \/>\n\t\t\t\t<\/a>\n\t\t\t\t\t\t<h3>\n\t\t\t\t<a href=https:\/\/www.labs31.com\/nl\/neste-nieuw-laboratoriumontwerp-voor-nieuwe-biobrandstoffabriek\/ title=\"Neste: nieuw laboratoriumontwerp voor nieuwe biobrandstoffabriek\" tabindex=\"0\">Neste: nieuw laboratoriumontwerp voor nieuwe biobrandstoffabriek<\/a>\t\t\t<\/h3>\n\t\t\t\t\t\t\t\tTechnip Energies heeft ons gecontracteerd voor het ontwerpen van een nieuw innovatief duurzaam laboratorium voor NESTE. Zelfs een grote multinational als Neste ontwerpt niet elke &#8230;\n\t\t\t<a href=\"https:\/\/www.labs31.com\/nl\/neste-nieuw-laboratoriumontwerp-voor-nieuwe-biobrandstoffabriek\/\" target=\"_self\" role=\"button\" aria-label=\"Meer informatie\" rel=\"noopener\">\n\t\t\t\t\t\t\tMeer informatie\n\t\t<\/a>\n\t\t\t\t\t\t\t\t\t\t\t\t\t\t<a href=\"https:\/\/www.labs31.com\/nl\/labs31-ontwerp-een-nieuwe-laboratorium-voor-oman-lng\/\" target=\"_self\" title=\"Oman LNG: een ontwerp voor een nieuw laboratorium en kantoorruimte\" rel=\"noopener\">\n\t\t\t\t<img decoding=\"async\" src=\"https:\/\/www.labs31.com\/wp-content\/uploads\/labs31-project-optie3.jpg\" alt=\"Laboratorium ontwerp Shell\" \/>\n\t\t\t\t<\/a>\n\t\t\t\t\t\t<h3>\n\t\t\t\t<a href=https:\/\/www.labs31.com\/nl\/labs31-ontwerp-een-nieuwe-laboratorium-voor-oman-lng\/ title=\"Oman LNG: een ontwerp voor een nieuw laboratorium en kantoorruimte\" tabindex=\"0\">Oman LNG: een ontwerp voor een nieuw laboratorium en kantoorruimte<\/a>\t\t\t<\/h3>\n\t\t\t\t\t\t\t\tOman LNG is een dochteronderneming van de Shell Groep. Mark, een zeer gewaardeerde klant waar we al lange tijd voor mogen werken, vroeg ons om &#8230;\n\t\t\t<a href=\"https:\/\/www.labs31.com\/nl\/labs31-ontwerp-een-nieuwe-laboratorium-voor-oman-lng\/\" target=\"_self\" role=\"button\" aria-label=\"Meer informatie\" rel=\"noopener\">\n\t\t\t\t\t\t\tMeer informatie\n\t\t<\/a>\n\t\t\t\t\t\t\t\t\t\t\t\t\t\t<a href=\"https:\/\/www.labs31.com\/nl\/innocent-drinks-het-ontwerpen-van-een-nieuw-laboratorium\/\" target=\"_self\" title=\"Innocent Drinks: het ontwerpen van een nieuw laboratorium\" rel=\"noopener\">\n\t\t\t\t<img decoding=\"async\" src=\"https:\/\/www.labs31.com\/wp-content\/uploads\/labs31-project-optie2.jpg\" alt=\"Laboratorium design\" \/>\n\t\t\t\t<\/a>\n\t\t\t\t\t\t<h3>\n\t\t\t\t<a href=https:\/\/www.labs31.com\/nl\/innocent-drinks-het-ontwerpen-van-een-nieuw-laboratorium\/ title=\"Innocent Drinks: het ontwerpen van een nieuw laboratorium\" tabindex=\"0\">Innocent Drinks: het ontwerpen van een nieuw laboratorium<\/a>\t\t\t<\/h3>\n\t\t\t\t\t\t\t\tInnocent Drinks is een bedrijf dat smoothies en sappen produceert, bouwt op dit moment hun eerste fabriek in Rotterdam, genaamd de Blender. Begin 2020 zijn &#8230;\n\t\t\t<a href=\"https:\/\/www.labs31.com\/nl\/innocent-drinks-het-ontwerpen-van-een-nieuw-laboratorium\/\" target=\"_self\" role=\"button\" aria-label=\"Meer informatie\" rel=\"noopener\">\n\t\t\t\t\t\t\tMeer informatie\n\t\t<\/a>\n\t\t\t\t\t\t\t\t\t\t\t\t\t\t<a href=\"https:\/\/www.labs31.com\/nl\/heutink-biologie-natuurkunde-scheikunde-klaslokaal-ontwerp-engineering-project\/\" target=\"_self\" title=\"Heutink: Biologie, Natuurkunde, Scheikunde Klaslokaal ontwerp &amp; engineering project\" rel=\"noopener\">\n\t\t\t\t<img decoding=\"async\" src=\"https:\/\/www.labs31.com\/wp-content\/uploads\/labs31-project-optie6.jpg\" alt=\"vereisten voor laboratoriumontwerp:\" \/>\n\t\t\t\t<\/a>\n\t\t\t\t\t\t<h3>\n\t\t\t\t<a href=https:\/\/www.labs31.com\/nl\/heutink-biologie-natuurkunde-scheikunde-klaslokaal-ontwerp-engineering-project\/ title=\"Heutink: Biologie, Natuurkunde, Scheikunde Klaslokaal ontwerp &amp; engineering project\" tabindex=\"0\">Heutink: Biologie, Natuurkunde, Scheikunde Klaslokaal ontwerp &amp; engineering project<\/a>\t\t\t<\/h3>\n\t\t\t\t\t\t\t\tWe hebben een klaslokaal ontworpen dat wordt gebruikt voor biologie, natuurkunde en scheikunde. Ook geholpen met projecten voor verschillende klanten, met onze professionele tekeningen zoals &#8230;\n\t\t\t<a href=\"https:\/\/www.labs31.com\/nl\/heutink-biologie-natuurkunde-scheikunde-klaslokaal-ontwerp-engineering-project\/\" target=\"_self\" role=\"button\" aria-label=\"Meer informatie\" rel=\"noopener\">\n\t\t\t\t\t\t\tMeer informatie\n\t\t<\/a>\n\t\t\t\t\t\t\t\t\t\t\t\t\t\t<a href=\"https:\/\/www.labs31.com\/nl\/dupont-bim-revit-laboratoriumontwerp-en-projectondersteuning-voor-wesemann\/\" target=\"_self\" title=\"Dupont: BIM Revit laboratoriumontwerp en projectondersteuning voor Wesemann\" rel=\"noopener\">\n\t\t\t\t<img decoding=\"async\" src=\"https:\/\/www.labs31.com\/wp-content\/uploads\/labs31-project-optie7-1.jpg\" alt=\"Labs31 Laboratorium\" \/>\n\t\t\t\t<\/a>\n\t\t\t\t\t\t<h3>\n\t\t\t\t<a href=https:\/\/www.labs31.com\/nl\/dupont-bim-revit-laboratoriumontwerp-en-projectondersteuning-voor-wesemann\/ title=\"Dupont: BIM Revit laboratoriumontwerp en projectondersteuning voor Wesemann\" tabindex=\"0\">Dupont: BIM Revit laboratoriumontwerp en projectondersteuning voor Wesemann<\/a>\t\t\t<\/h3>\n\t\t\t\t\t\t\t\tWij als Labs31 hebben Wesemann geholpen om het laboratorium van Dupont Leiden te realiseren. We hebben hierbij nauw samengewerkt met Dura Vermeer, Wesemann en Dupont. &#8230;\n\t\t\t<a href=\"https:\/\/www.labs31.com\/nl\/dupont-bim-revit-laboratoriumontwerp-en-projectondersteuning-voor-wesemann\/\" target=\"_self\" role=\"button\" aria-label=\"Meer informatie\" rel=\"noopener\">\n\t\t\t\t\t\t\tMeer informatie\n\t\t<\/a>\n\t\t\t\t\t\t\t\t\t\t\t\t\t\t<a href=\"https:\/\/www.labs31.com\/nl\/prelude-orkaan-bestendig-laboratorium-ontwerp-en-levering-op-een-schip\/\" target=\"_self\" title=\"Prelude: Orkaan bestendig laboratorium ontwerp en levering op een schip\" rel=\"noopener\">\n\t\t\t\t<img decoding=\"async\" src=\"https:\/\/www.labs31.com\/wp-content\/uploads\/HurricanProofLaboratoryDesign.jpg\" alt=\"HurricanProofLaboratoryDesign\" \/>\n\t\t\t\t<\/a>\n\t\t\t\t\t\t<h3>\n\t\t\t\t<a href=https:\/\/www.labs31.com\/nl\/prelude-orkaan-bestendig-laboratorium-ontwerp-en-levering-op-een-schip\/ title=\"Prelude: Orkaan bestendig laboratorium ontwerp en levering op een schip\" tabindex=\"0\">Prelude: Orkaan bestendig laboratorium ontwerp en levering op een schip<\/a>\t\t\t<\/h3>\n\t\t\t\t\t\t\t\tVele jaren geleden hebben Lou en Gilbert samen met (lokale) samenwerkings partners het orkaan bestendig laboratorium ontworpen en gerealiseerd op de Shell Prelude, &#8217;s werelds &#8230;\n\t\t\t<a href=\"https:\/\/www.labs31.com\/nl\/prelude-orkaan-bestendig-laboratorium-ontwerp-en-levering-op-een-schip\/\" target=\"_self\" role=\"button\" aria-label=\"Meer informatie\" rel=\"noopener\">\n\t\t\t\t\t\t\tMeer informatie\n\t\t<\/a>\n\n","protected":false},"excerpt":{"rendered":"<p>Projecten Alles over laboratorium onze laboratorium projecten en marktervaring Veel projecten op verschillende continenten Meer dan 25 jaar projectervaring. Projecten over de hele wereld en in allerlei verschillende sectoren en industrie\u00ebn, zo ook in Nederland en Belgi\u00eb. Elk project heeft altijd zijn eigen laboratoriumontwerp en optimalisatie-uitdagingen en wij helpen u graag. Wij zijn uw ervaren [&hellip;]<\/p>\n","protected":false},"author":2,"featured_media":0,"parent":0,"menu_order":0,"comment_status":"closed","ping_status":"closed","template":"","meta":{"content-type":"","site-sidebar-layout":"no-sidebar","site-content-layout":"page-builder","ast-site-content-layout":"full-width-container","site-content-style":"unboxed","site-sidebar-style":"unboxed","ast-global-header-display":"","ast-banner-title-visibility":"","ast-main-header-display":"","ast-hfb-above-header-display":"","ast-hfb-below-header-display":"","ast-hfb-mobile-header-display":"","site-post-title":"disabled","ast-breadcrumbs-content":"","ast-featured-img":"","footer-sml-layout":"","theme-transparent-header-meta":"enabled","adv-header-id-meta":"","stick-header-meta":"","header-above-stick-meta":"","header-main-stick-meta":"","header-below-stick-meta":"","astra-migrate-meta-layouts":"default","ast-page-background-enabled":"default","ast-page-background-meta":{"desktop":{"background-color":"","background-image":"","background-repeat":"repeat","background-position":"center center","background-size":"auto","background-attachment":"scroll","background-type":"","background-media":"","overlay-type":"","overlay-color":"","overlay-opacity":"","overlay-gradient":""},"tablet":{"background-color":"","background-image":"","background-repeat":"repeat","background-position":"center center","background-size":"auto","background-attachment":"scroll","background-type":"","background-media":"","overlay-type":"","overlay-color":"","overlay-opacity":"","overlay-gradient":""},"mobile":{"background-color":"","background-image":"","background-repeat":"repeat","background-position":"center center","background-size":"auto","background-attachment":"scroll","background-type":"","background-media":"","overlay-type":"","overlay-color":"","overlay-opacity":"","overlay-gradient":""}},"ast-content-background-meta":{"desktop":{"background-color":"var(--ast-global-color-5)","background-image":"","background-repeat":"repeat","background-position":"center center","background-size":"auto","background-attachment":"scroll","background-type":"","background-media":"","overlay-type":"","overlay-color":"","overlay-opacity":"","overlay-gradient":""},"tablet":{"background-color":"var(--ast-global-color-5)","background-image":"","background-repeat":"repeat","background-position":"center center","background-size":"auto","background-attachment":"scroll","background-type":"","background-media":"","overlay-type":"","overlay-color":"","overlay-opacity":"","overlay-gradient":""},"mobile":{"background-color":"var(--ast-global-color-5)","background-image":"","background-repeat":"repeat","background-position":"center center","background-size":"auto","background-attachment":"scroll","background-type":"","background-media":"","overlay-type":"","overlay-color":"","overlay-opacity":"","overlay-gradient":""}},"footnotes":""},"class_list":["post-3437","page","type-page","status-publish","hentry"],"_links":{"self":[{"href":"https:\/\/www.labs31.com\/nl\/wp-json\/wp\/v2\/pages\/3437","targetHints":{"allow":["GET"]}}],"collection":[{"href":"https:\/\/www.labs31.com\/nl\/wp-json\/wp\/v2\/pages"}],"about":[{"href":"https:\/\/www.labs31.com\/nl\/wp-json\/wp\/v2\/types\/page"}],"author":[{"embeddable":true,"href":"https:\/\/www.labs31.com\/nl\/wp-json\/wp\/v2\/users\/2"}],"replies":[{"embeddable":true,"href":"https:\/\/www.labs31.com\/nl\/wp-json\/wp\/v2\/comments?post=3437"}],"version-history":[{"count":19,"href":"https:\/\/www.labs31.com\/nl\/wp-json\/wp\/v2\/pages\/3437\/revisions"}],"predecessor-version":[{"id":5528,"href":"https:\/\/www.labs31.com\/nl\/wp-json\/wp\/v2\/pages\/3437\/revisions\/5528"}],"wp:attachment":[{"href":"https:\/\/www.labs31.com\/nl\/wp-json\/wp\/v2\/media?parent=3437"}],"curies":[{"name":"wp","href":"https:\/\/api.w.org\/{rel}","templated":true}]}}